{"id":107,"date":"2025-06-04T11:52:15","date_gmt":"2025-06-04T09:52:15","guid":{"rendered":"https:\/\/autoino.be\/fr\/?page_id=107"},"modified":"2025-06-04T13:49:54","modified_gmt":"2025-06-04T11:49:54","slug":"nos-vehicules","status":"publish","type":"page","link":"https:\/\/autoino.be\/fr\/","title":{"rendered":"Nos v\u00e9hicules"},"content":{"rendered":"\n\t\t\n\t\t<ul class=\"auto-listings-items grid-view\">\n<li class=\"col-3 post-171 auto-listing type-auto-listing status-publish body-type-citadine auto-listing-171 has-thumbnail\">\n\n\t\n<div class=\"image\">\n\t<a href=\"https:\/\/autoino.be\/fr\/listing\/volkswagen-polo-1-6-tdi\/\" title=\"Volkswagen Polo 1.6 TDI\">\n\t\t\t\t\t<span\n\t\t\t\tstyle=\"background:#8224e3;color:#ffffff\"\n\t\t\t\tclass=\"status Permier propri\u00e9taire\">\n\t\t\t\t\t\t\t\tPermier propri\u00e9taire\t\t\t<\/span>\n\t\t\n\t\t\n\t\t\t\t\t<img decoding=\"async\" alt=\"\" src=\"https:\/\/autoino.be\/fr\/wp-content\/uploads\/2025\/06\/011-400x250.jpg\" \/>\n\t\t\n\t<\/a>\n<\/div>\n\t<div class=\"summary\">\n\n\t\t\n<h3 class=\"title\">\n\t<a href=\"https:\/\/autoino.be\/fr\/listing\/volkswagen-polo-1-6-tdi\/\" title=\"Volkswagen Polo 1.6 TDI\">\n\t\tVolkswagen Polo 1.6 TDI\t<\/a>\n<\/h3>\n\n<div class=\"at-a-glance\">\n\n\t<ul>\n\t\t<li class=\"odomoter\"><i class=\"auto-icon-odometer\"><\/i> 129\u00a0500 km<\/li>\n\t\t\t<li class=\"transmission\"><i class=\"auto-icon-transmission\"><\/i> Manual<\/li>\n\t\t\t\t<li class=\"body\"><i class=\"auto-icon-trunk\"><\/i> <a href=\"https:\/\/autoino.be\/fr\/body-type\/citadine\/\" rel=\"tag\">Citadine<\/a><\/li>\n\t\t<\/ul>\n\n<\/div>\n<span class=\"price\"><span class=\"state\" style=\"color: #1e73be\">Vendu<\/span><\/span>\n\n<div class=\"description\">Autoino vous propose cette Volkswagen Polo 1.6 TDI Bluemotion 129500 km 1 er propri\u00e9taire, toujours bien entretenue.\r\nAirco, 4 vitres \u00e9lectriques, jantes en aluminium,v\u00e9hicule en tr\u00e8s bonne \u00e9tat m\u00e9canique, carrosserie et int\u00e9rieur.\r\nContr\u00f4le technique, formulaire d&rsquo;inscription et carpass disponible.\r\nAppel ou WhatsApp : +32471995293 ou info@autoino.be\r\n<\/div>\n\n<div class=\"bottom-wrap\">\n\t<a class=\"al-button\" href=\"https:\/\/autoino.be\/fr\/listing\/volkswagen-polo-1-6-tdi\/\" title=\"Voir Volkswagen Polo 1.6 TDI\">Plus de d\u00e9tails &nbsp; <i class=\"fa fa-angle-right\"><\/i><\/a>\n\t\t\t<span class=\"condition\">Occasion V\u00e9hicule<\/span>\n\t<\/div>\n\n\t<\/div>\n\n\t\n<\/li>\n\n<li class=\"col-3 post-76 auto-listing type-auto-listing status-publish body-type-berline auto-listing-76 has-thumbnail\">\n\n\t\n<div class=\"image\">\n\t<a href=\"https:\/\/autoino.be\/fr\/listing\/bmw-318i-de-2018-essence-euro-6-87-550-km\/\" title=\"BMW 318i de 2018, essence\">\n\t\t\t\t\t<span\n\t\t\t\tstyle=\"background:#1e73be;color:#ffffff\"\n\t\t\t\tclass=\"status Faible kilom\u00e9trage\">\n\t\t\t\t\t\t\t\t\t<i class=\"auto-icon-odometer\"><\/i>\n\t\t\t\t\t\t\t\tFaible kilom\u00e9trage\t\t\t<\/span>\n\t\t\n\t\t\n\t\t\t\t\t<img decoding=\"async\" alt=\"\" src=\"https:\/\/autoino.be\/fr\/wp-content\/uploads\/2025\/06\/IMG_9549-400x250.jpg\" \/>\n\t\t\n\t<\/a>\n<\/div>\n\t<div class=\"summary\">\n\n\t\t\n<h3 class=\"title\">\n\t<a href=\"https:\/\/autoino.be\/fr\/listing\/bmw-318i-de-2018-essence-euro-6-87-550-km\/\" title=\"BMW 318i de 2018, essence\">\n\t\tBMW 318i de 2018, essence\t<\/a>\n<\/h3>\n\n<div class=\"at-a-glance\">\n\n\t<ul>\n\t\t<li class=\"odomoter\"><i class=\"auto-icon-odometer\"><\/i> 87\u00a0550 km<\/li>\n\t\t\t<li class=\"transmission\"><i class=\"auto-icon-transmission\"><\/i> Manuelle<\/li>\n\t\t\t\t<li class=\"body\"><i class=\"auto-icon-trunk\"><\/i> <a href=\"https:\/\/autoino.be\/fr\/body-type\/berline\/\" rel=\"tag\">Berline<\/a><\/li>\n\t\t<\/ul>\n\n<\/div>\n<span class=\"price\"><span class=\"state\" style=\"color: #1e73be\">Vendu<\/span><\/span>\n\n<div class=\"description\"><p>Autoino vous propose cette BMW 318i de 2018, essence, Euro 6, 87 550 km. Int\u00e9rieur cuir blanc en parfait \u00e9tat ! Si\u00e8ges chauffants et nombreuses options. V\u00e9hicule \u00e0 voir absolument.<br \/>\nWatsapp:+32 471 99 52 93 ou info@autoino.be<br \/>\nLivraison en Belgique, nord de la France possible moyennant un suppl\u00e9ment.<\/p>\n<\/div>\n\n<div class=\"bottom-wrap\">\n\t<a class=\"al-button\" href=\"https:\/\/autoino.be\/fr\/listing\/bmw-318i-de-2018-essence-euro-6-87-550-km\/\" title=\"Voir BMW 318i de 2018, essence\">Plus de d\u00e9tails &nbsp; <i class=\"fa fa-angle-right\"><\/i><\/a>\n\t\t\t<span class=\"condition\">Occasion V\u00e9hicule<\/span>\n\t<\/div>\n\n\t<\/div>\n\n\t\n<\/li>\n\n<li class=\"col-3 post-20 auto-listing type-auto-listing status-publish body-type-citadine auto-listing-20 has-thumbnail\">\n\n\t\n<div class=\"image\">\n\t<a href=\"https:\/\/autoino.be\/fr\/listing\/volkswagen-up\/\" title=\"Volkswagen Up!\">\n\t\t\n\t\t\n\t\t\t\t\t<img decoding=\"async\" alt=\"\" src=\"https:\/\/autoino.be\/fr\/wp-content\/uploads\/2025\/03\/5-400x250.jpg\" \/>\n\t\t\n\t<\/a>\n<\/div>\n\t<div class=\"summary\">\n\n\t\t\n<h3 class=\"title\">\n\t<a href=\"https:\/\/autoino.be\/fr\/listing\/volkswagen-up\/\" title=\"Volkswagen Up!\">\n\t\tVolkswagen Up!\t<\/a>\n<\/h3>\n\n<div class=\"at-a-glance\">\n\n\t<ul>\n\t\t<li class=\"odomoter\"><i class=\"auto-icon-odometer\"><\/i> 86\u00a0300 km<\/li>\n\t\t\t<li class=\"transmission\"><i class=\"auto-icon-transmission\"><\/i> Boite manuelle<\/li>\n\t\t\t\t<li class=\"body\"><i class=\"auto-icon-trunk\"><\/i> <a href=\"https:\/\/autoino.be\/fr\/body-type\/citadine\/\" rel=\"tag\">Citadine<\/a><\/li>\n\t\t<\/ul>\n\n<\/div>\n<span class=\"price\"><span class=\"state\" style=\"color: #1e73be\">Vendu<\/span><\/span>\n\n<div class=\"description\"><p>Belle VW Up 1.0 essence 86400km en excellent \u00e9tat.<br \/>\nVendue avec contr\u00f4le technique en ordre, carpass , demande d\u2019immatriculation (feuille rose)<br \/>\nPremier propri\u00e9taire!<br \/>\nPlus de renseignements par message whatsapp ou appel: +32 471 99 52 93 ou info@autoino.be<\/p>\n<\/div>\n\n<div class=\"bottom-wrap\">\n\t<a class=\"al-button\" href=\"https:\/\/autoino.be\/fr\/listing\/volkswagen-up\/\" title=\"Voir Volkswagen Up!\">Plus de d\u00e9tails &nbsp; <i class=\"fa fa-angle-right\"><\/i><\/a>\n\t\t\t<span class=\"condition\">Occasion V\u00e9hicule<\/span>\n\t<\/div>\n\n\t<\/div>\n\n\t\n<\/li>\n<\/ul>\n\n\n\n\n","protected":false},"excerpt":{"rendered":"","protected":false},"author":1,"featured_media":0,"parent":0,"menu_order":0,"comment_status":"closed","ping_status":"closed","template":"","meta":{"footnotes":""},"class_list":["post-107","page","type-page","status-publish","hentry"],"yoast_head":"<!-- This site is optimized with the Yoast SEO plugin v27.3 - https:\/\/yoast.com\/product\/yoast-seo-wordpress\/ -->\n<title>Nos v\u00e9hicules - AUTOINO<\/title>\n<meta name=\"robots\" content=\"index, follow, max-snippet:-1, max-image-preview:large, max-video-preview:-1\" \/>\n<link rel=\"canonical\" href=\"https:\/\/autoino.be\/fr\/\" \/>\n<meta property=\"og:locale\" content=\"fr_FR\" \/>\n<meta property=\"og:type\" content=\"article\" \/>\n<meta property=\"og:title\" content=\"Nos v\u00e9hicules - AUTOINO\" \/>\n<meta property=\"og:url\" content=\"https:\/\/autoino.be\/fr\/\" \/>\n<meta property=\"og:site_name\" content=\"AUTOINO\" \/>\n<meta property=\"article:modified_time\" content=\"2025-06-04T11:49:54+00:00\" \/>\n<meta name=\"twitter:card\" content=\"summary_large_image\" \/>\n<meta name=\"twitter:label1\" content=\"Dur\u00e9e de lecture estim\u00e9e\" \/>\n\t<meta name=\"twitter:data1\" content=\"1 minute\" \/>\n<script type=\"application\/ld+json\" class=\"yoast-schema-graph\">{\"@context\":\"https:\\\/\\\/schema.org\",\"@graph\":[{\"@type\":\"WebPage\",\"@id\":\"https:\\\/\\\/autoino.be\\\/fr\\\/\",\"url\":\"https:\\\/\\\/autoino.be\\\/fr\\\/\",\"name\":\"Nos v\u00e9hicules - AUTOINO\",\"isPartOf\":{\"@id\":\"https:\\\/\\\/autoino.be\\\/fr\\\/#website\"},\"datePublished\":\"2025-06-04T09:52:15+00:00\",\"dateModified\":\"2025-06-04T11:49:54+00:00\",\"breadcrumb\":{\"@id\":\"https:\\\/\\\/autoino.be\\\/fr\\\/#breadcrumb\"},\"inLanguage\":\"fr-FR\",\"potentialAction\":[{\"@type\":\"ReadAction\",\"target\":[\"https:\\\/\\\/autoino.be\\\/fr\\\/\"]}]},{\"@type\":\"BreadcrumbList\",\"@id\":\"https:\\\/\\\/autoino.be\\\/fr\\\/#breadcrumb\",\"itemListElement\":[{\"@type\":\"ListItem\",\"position\":1,\"name\":\"Home\",\"item\":\"https:\\\/\\\/autoino.be\\\/fr\\\/\"},{\"@type\":\"ListItem\",\"position\":2,\"name\":\"Nos v\u00e9hicules\"}]},{\"@type\":\"WebSite\",\"@id\":\"https:\\\/\\\/autoino.be\\\/fr\\\/#website\",\"url\":\"https:\\\/\\\/autoino.be\\\/fr\\\/\",\"name\":\"AUTOINO\",\"description\":\"Nous sommes sp\u00e9cialis\u00e9s dans l&#039;achat\\\/revente de v\u00e9hicules d&#039;occasion\",\"publisher\":{\"@id\":\"https:\\\/\\\/autoino.be\\\/fr\\\/#organization\"},\"potentialAction\":[{\"@type\":\"SearchAction\",\"target\":{\"@type\":\"EntryPoint\",\"urlTemplate\":\"https:\\\/\\\/autoino.be\\\/fr\\\/?s={search_term_string}\"},\"query-input\":{\"@type\":\"PropertyValueSpecification\",\"valueRequired\":true,\"valueName\":\"search_term_string\"}}],\"inLanguage\":\"fr-FR\"},{\"@type\":\"Organization\",\"@id\":\"https:\\\/\\\/autoino.be\\\/fr\\\/#organization\",\"name\":\"AUTOINO\",\"url\":\"https:\\\/\\\/autoino.be\\\/fr\\\/\",\"logo\":{\"@type\":\"ImageObject\",\"inLanguage\":\"fr-FR\",\"@id\":\"https:\\\/\\\/autoino.be\\\/fr\\\/#\\\/schema\\\/logo\\\/image\\\/\",\"url\":\"https:\\\/\\\/autoino.be\\\/fr\\\/wp-content\\\/uploads\\\/2025\\\/06\\\/cropped-cropped-5-long.jpg\",\"contentUrl\":\"https:\\\/\\\/autoino.be\\\/fr\\\/wp-content\\\/uploads\\\/2025\\\/06\\\/cropped-cropped-5-long.jpg\",\"width\":1500,\"height\":213,\"caption\":\"AUTOINO\"},\"image\":{\"@id\":\"https:\\\/\\\/autoino.be\\\/fr\\\/#\\\/schema\\\/logo\\\/image\\\/\"}}]}<\/script>\n<!-- \/ Yoast SEO plugin. -->","yoast_head_json":{"title":"Nos v\u00e9hicules - AUTOINO","robots":{"index":"index","follow":"follow","max-snippet":"max-snippet:-1","max-image-preview":"max-image-preview:large","max-video-preview":"max-video-preview:-1"},"canonical":"https:\/\/autoino.be\/fr\/","og_locale":"fr_FR","og_type":"article","og_title":"Nos v\u00e9hicules - AUTOINO","og_url":"https:\/\/autoino.be\/fr\/","og_site_name":"AUTOINO","article_modified_time":"2025-06-04T11:49:54+00:00","twitter_card":"summary_large_image","twitter_misc":{"Dur\u00e9e de lecture estim\u00e9e":"1 minute"},"schema":{"@context":"https:\/\/schema.org","@graph":[{"@type":"WebPage","@id":"https:\/\/autoino.be\/fr\/","url":"https:\/\/autoino.be\/fr\/","name":"Nos v\u00e9hicules - AUTOINO","isPartOf":{"@id":"https:\/\/autoino.be\/fr\/#website"},"datePublished":"2025-06-04T09:52:15+00:00","dateModified":"2025-06-04T11:49:54+00:00","breadcrumb":{"@id":"https:\/\/autoino.be\/fr\/#breadcrumb"},"inLanguage":"fr-FR","potentialAction":[{"@type":"ReadAction","target":["https:\/\/autoino.be\/fr\/"]}]},{"@type":"BreadcrumbList","@id":"https:\/\/autoino.be\/fr\/#breadcrumb","itemListElement":[{"@type":"ListItem","position":1,"name":"Home","item":"https:\/\/autoino.be\/fr\/"},{"@type":"ListItem","position":2,"name":"Nos v\u00e9hicules"}]},{"@type":"WebSite","@id":"https:\/\/autoino.be\/fr\/#website","url":"https:\/\/autoino.be\/fr\/","name":"AUTOINO","description":"Nous sommes sp\u00e9cialis\u00e9s dans l&#039;achat\/revente de v\u00e9hicules d&#039;occasion","publisher":{"@id":"https:\/\/autoino.be\/fr\/#organization"},"potentialAction":[{"@type":"SearchAction","target":{"@type":"EntryPoint","urlTemplate":"https:\/\/autoino.be\/fr\/?s={search_term_string}"},"query-input":{"@type":"PropertyValueSpecification","valueRequired":true,"valueName":"search_term_string"}}],"inLanguage":"fr-FR"},{"@type":"Organization","@id":"https:\/\/autoino.be\/fr\/#organization","name":"AUTOINO","url":"https:\/\/autoino.be\/fr\/","logo":{"@type":"ImageObject","inLanguage":"fr-FR","@id":"https:\/\/autoino.be\/fr\/#\/schema\/logo\/image\/","url":"https:\/\/autoino.be\/fr\/wp-content\/uploads\/2025\/06\/cropped-cropped-5-long.jpg","contentUrl":"https:\/\/autoino.be\/fr\/wp-content\/uploads\/2025\/06\/cropped-cropped-5-long.jpg","width":1500,"height":213,"caption":"AUTOINO"},"image":{"@id":"https:\/\/autoino.be\/fr\/#\/schema\/logo\/image\/"}}]}},"_links":{"self":[{"href":"https:\/\/autoino.be\/fr\/wp-json\/wp\/v2\/pages\/107","targetHints":{"allow":["GET"]}}],"collection":[{"href":"https:\/\/autoino.be\/fr\/wp-json\/wp\/v2\/pages"}],"about":[{"href":"https:\/\/autoino.be\/fr\/wp-json\/wp\/v2\/types\/page"}],"author":[{"embeddable":true,"href":"https:\/\/autoino.be\/fr\/wp-json\/wp\/v2\/users\/1"}],"replies":[{"embeddable":true,"href":"https:\/\/autoino.be\/fr\/wp-json\/wp\/v2\/comments?post=107"}],"version-history":[{"count":5,"href":"https:\/\/autoino.be\/fr\/wp-json\/wp\/v2\/pages\/107\/revisions"}],"predecessor-version":[{"id":140,"href":"https:\/\/autoino.be\/fr\/wp-json\/wp\/v2\/pages\/107\/revisions\/140"}],"wp:attachment":[{"href":"https:\/\/autoino.be\/fr\/wp-json\/wp\/v2\/media?parent=107"}],"curies":[{"name":"wp","href":"https:\/\/api.w.org\/{rel}","templated":true}]}}